{"id":33,"date":"2025-12-09T19:44:27","date_gmt":"2025-12-09T19:44:27","guid":{"rendered":"http:\/\/trescero.es\/?page_id=33"},"modified":"2026-01-20T10:25:23","modified_gmt":"2026-01-20T10:25:23","slug":"legal-notice","status":"publish","type":"page","link":"https:\/\/trescero.es\/en\/aviso-legal\/","title":{"rendered":"Legal notice"},"content":{"rendered":"<h2 class=\"wp-block-heading\">I. GENERAL INFORMATION<\/h2>\n\n\n\n<p>In compliance with the obligation to provide information as stipulated in Law 34\/2002 on Information Society Services and Electronic Commerce (LSSI-CE) of 11 July, the following general information on the website is provided below:<\/p>\n\n\n\n<p>Website owner: ESENCIA GRANADINA SL<br>CIF: B22571749<br>Trade name: Trescero<br>Registered address: Calle \u00c1ngel Ganivet, No. 6, Ground floor, Door 4, 18009 Granada (Granada)<br>Telephone: +34 635 04 89 04<br>Email: info@trescero.es<\/p>\n\n\n\n<p>The entity is registered in the corresponding administrative registries with the State Tax Administration Agency (Administration 18600 \u2013 Granada).<\/p>\n\n\n\n<div style=\"height:0.5rem\" aria-hidden=\"true\" class=\"wp-block-spacer\"><\/div>\n\n\n\n<h2 class=\"wp-block-heading\">II. GENERAL TERMS AND CONDITIONS OF USE<\/h2>\n\n\n\n<h3 class=\"wp-block-heading\">1. Subject matter<\/h3>\n\n\n\n<p>The purpose of these General Conditions of Use (hereinafter \u00abConditions\u00bb) is to regulate access to and use of the Website.<br>For the purposes of these Conditions, a Website shall be understood to mean: the external appearance of the screen interfaces, both static and dynamic, and all the elements integrated therein (images, texts, design, structures, programmes necessary for operation, etc.) and the online services or resources that may be offered.<\/p>\n\n\n\n<h3 class=\"wp-block-heading\">2. Amendments<\/h3>\n\n\n\n<p>Trescero reserves the right to modify, at any time and without prior notice, the presentation and configuration of the website, as well as its contents and services.<br>You agree that Trescero may discontinue, deactivate or cancel any of these elements at any time.<\/p>\n\n\n\n<h3 class=\"wp-block-heading\">3. Access and use<\/h3>\n\n\n\n<p>Access to the Website is free and, as a general rule, free of charge, except for the cost of connection through the telecommunications network contracted by the User.<br>The user is responsible for the correct use of the Website, respecting the law, morality and public order, as well as the rights of third parties and the operation of the Website.<\/p>\n\n\n\n<h3 class=\"wp-block-heading\">4. Comments and participation<\/h3>\n\n\n\n<p>Currently, the Website has no commenting or blogging facilities.<br>Trescero may in the future remove comments that violate the law or are in breach of good manners.<br>Trescero is not responsible for the opinions expressed by users.<\/p>\n\n\n\n<h3 class=\"wp-block-heading\">5. Users<\/h3>\n\n\n\n<p>By accessing the Website, the user declares that he\/she is of legal age and has the legal capacity to be bound by these Terms and Conditions.<br>The Website is aimed primarily at users resident in Spain.<br>Trescero does not guarantee that it complies with the legislation of other countries; if the user resides outside Spain, he\/she navigates at his\/her own risk.<\/p>\n\n\n\n<div style=\"height:0.5rem\" aria-hidden=\"true\" class=\"wp-block-spacer\"><\/div>\n\n\n\n<h2 class=\"wp-block-heading\">III. EXCLUSION OF WARRANTIES AND LIABILITY<\/h2>\n\n\n\n<p>Trescero does not guarantee the continuity, availability or usefulness of the website, its content or services.<br>It shall not be liable for any loss or damage of any kind arising from accessing, browsing or using the Website, including damage to computer systems or caused by viruses.<br>Trescero also accepts no liability for telecommunications failures or improper use of the website.<\/p>\n\n\n\n<div style=\"height:0.5rem\" aria-hidden=\"true\" class=\"wp-block-spacer\"><\/div>\n\n\n\n<h2 class=\"wp-block-heading\">IV. LINKING POLICY<\/h2>\n\n\n\n<p>The Website may contain links to third party websites.<br>The presence of these links is intended to facilitate the search for information and does not imply any recommendation or responsibility for the contents of these sites.<br>Trescero does not control or verify the content of external sites and accepts no liability for damage or injury resulting from their use.<\/p>\n\n\n\n<p>The establishment of hyperlinks to this Website shall respect intellectual property and shall not imply any commercial relations or liability between the parties.<\/p>\n\n\n\n<div style=\"height:0.5rem\" aria-hidden=\"true\" class=\"wp-block-spacer\"><\/div>\n\n\n\n<h2 class=\"wp-block-heading\">V. INTELLECTUAL AND INDUSTRIAL PROPERTY<\/h2>\n\n\n\n<p>Trescero owns all intellectual and industrial property rights of the website and its elements (texts, images, videos, software, brands, logos, colour combinations, design, etc.).<br>The reproduction, distribution or public communication of the contents of the Website for commercial purposes is prohibited without the express authorisation of Trescero.<\/p>\n\n\n\n<p>The user may view, print, copy and store content for personal use only, in compliance with existing protection systems.<br>If a user considers that any content violates intellectual property rights, he or she must notify Trescero via the contact details indicated in this Legal Notice.<\/p>\n\n\n\n<div style=\"height:0.5rem\" aria-hidden=\"true\" class=\"wp-block-spacer\"><\/div>\n\n\n\n<h2 class=\"wp-block-heading\">VI. LEGAL ACTIONS, APPLICABLE LAW AND JURISDICTION<\/h2>\n\n\n\n<p>Trescero reserves the right to take legal action for misuse of the Website or breach of these Terms and Conditions.<br>The relationship between the user and Trescero shall be governed by current Spanish law.<br>Any dispute shall be subject to the jurisdiction of the competent courts of Spain.<\/p>\n\n\n\n<div style=\"height:0.5rem\" aria-hidden=\"true\" class=\"wp-block-spacer\"><\/div>\n\n\n\n<h2 class=\"wp-block-heading\">VII. PROTECTION OF PERSONAL DATA<\/h2>\n\n\n\n<p>In accordance with Regulation (EU) 2016\/679 (RGPD) and current Spanish legislation, the user may consult the Website's Privacy Policy for information on data processing, purposes, recipients and exercise of rights.<br>The Website does not currently collect personal data directly.<br>For more information: <a href=\"\/en\/privacy-policy\/\">Privacy Policy<\/a><\/p>\n\n\n\n<div style=\"height:0.5rem\" aria-hidden=\"true\" class=\"wp-block-spacer\"><\/div>\n\n\n\n<h2 class=\"wp-block-heading\">VIII. COOKIE POLICY<\/h2>\n\n\n\n<p>This website only uses technical cookies necessary for its correct functioning.<br>For more information on the cookies we use and how to manage them, see our <a href=\"\/en\/cookie-policy\/\">Cookie Policy<\/a>, accessible from the Website.<\/p>\n\n\n\n<p><\/p>","protected":false},"excerpt":{"rendered":"<p>I. INFORMACI\u00d3N GENERAL En cumplimiento con el deber de informaci\u00f3n dispuesto en la Ley 34\/2002 de Servicios de la Sociedad de la Informaci\u00f3n y del Comercio Electr\u00f3nico (LSSI-CE) de 11 de julio, se facilitan a continuaci\u00f3n los siguientes datos de informaci\u00f3n general del sitio web: Titular del sitio web: ESENCIA GRANADINA SLCIF: B22571749Nombre comercial: TresceroDomicilio [&hellip;]<\/p>\n","protected":false},"author":7,"featured_media":0,"parent":0,"menu_order":0,"comment_status":"closed","ping_status":"closed","template":"page-textos.php","meta":{"_acf_changed":false,"footnotes":""},"class_list":["post-33","page","type-page","status-publish","hentry"],"acf":[],"yoast_head":"<!-- This site is optimized with the Yoast SEO plugin v27.2 - https:\/\/yoast.com\/product\/yoast-seo-wordpress\/ -->\n<title>Aviso legal - trescero<\/title>\n<meta name=\"robots\" content=\"index, follow, max-snippet:-1, max-image-preview:large, max-video-preview:-1\" \/>\n<link rel=\"canonical\" href=\"https:\/\/trescero.es\/en\/legal-notice\/\" \/>\n<meta property=\"og:locale\" content=\"en_GB\" \/>\n<meta property=\"og:type\" content=\"article\" \/>\n<meta property=\"og:title\" content=\"Aviso legal - trescero\" \/>\n<meta property=\"og:description\" content=\"I. INFORMACI\u00d3N GENERAL En cumplimiento con el deber de informaci\u00f3n dispuesto en la Ley 34\/2002 de Servicios de la Sociedad de la Informaci\u00f3n y del Comercio Electr\u00f3nico (LSSI-CE) de 11 de julio, se facilitan a continuaci\u00f3n los siguientes datos de informaci\u00f3n general del sitio web: Titular del sitio web: ESENCIA GRANADINA SLCIF: B22571749Nombre comercial: TresceroDomicilio [&hellip;]\" \/>\n<meta property=\"og:url\" content=\"https:\/\/trescero.es\/en\/legal-notice\/\" \/>\n<meta property=\"og:site_name\" content=\"trescero\" \/>\n<meta property=\"article:modified_time\" content=\"2026-01-20T10:25:23+00:00\" \/>\n<meta name=\"twitter:card\" content=\"summary_large_image\" \/>\n<meta name=\"twitter:label1\" content=\"Estimated reading time\" \/>\n\t<meta name=\"twitter:data1\" content=\"4 minutes\" \/>\n<script type=\"application\/ld+json\" class=\"yoast-schema-graph\">{\"@context\":\"https:\/\/schema.org\",\"@graph\":[{\"@type\":\"WebPage\",\"@id\":\"https:\/\/trescero.es\/aviso-legal\/\",\"url\":\"https:\/\/trescero.es\/aviso-legal\/\",\"name\":\"Aviso legal - trescero\",\"isPartOf\":{\"@id\":\"https:\/\/trescero.es\/#website\"},\"datePublished\":\"2025-12-09T19:44:27+00:00\",\"dateModified\":\"2026-01-20T10:25:23+00:00\",\"breadcrumb\":{\"@id\":\"https:\/\/trescero.es\/aviso-legal\/#breadcrumb\"},\"inLanguage\":\"en-GB\",\"potentialAction\":[{\"@type\":\"ReadAction\",\"target\":[\"https:\/\/trescero.es\/aviso-legal\/\"]}]},{\"@type\":\"BreadcrumbList\",\"@id\":\"https:\/\/trescero.es\/aviso-legal\/#breadcrumb\",\"itemListElement\":[{\"@type\":\"ListItem\",\"position\":1,\"name\":\"Portada\",\"item\":\"https:\/\/trescero.es\/\"},{\"@type\":\"ListItem\",\"position\":2,\"name\":\"Aviso legal\"}]},{\"@type\":\"WebSite\",\"@id\":\"https:\/\/trescero.es\/#website\",\"url\":\"https:\/\/trescero.es\/\",\"name\":\"trescero\",\"description\":\"\",\"publisher\":{\"@id\":\"https:\/\/trescero.es\/#organization\"},\"potentialAction\":[{\"@type\":\"SearchAction\",\"target\":{\"@type\":\"EntryPoint\",\"urlTemplate\":\"https:\/\/trescero.es\/?s={search_term_string}\"},\"query-input\":{\"@type\":\"PropertyValueSpecification\",\"valueRequired\":true,\"valueName\":\"search_term_string\"}}],\"inLanguage\":\"en-GB\"},{\"@type\":\"Organization\",\"@id\":\"https:\/\/trescero.es\/#organization\",\"name\":\"trescero\",\"url\":\"https:\/\/trescero.es\/\",\"logo\":{\"@type\":\"ImageObject\",\"inLanguage\":\"en-GB\",\"@id\":\"https:\/\/trescero.es\/#\/schema\/logo\/image\/\",\"url\":\"https:\/\/trescero.es\/wp-content\/uploads\/2025\/12\/logo.svg\",\"contentUrl\":\"https:\/\/trescero.es\/wp-content\/uploads\/2025\/12\/logo.svg\",\"width\":221,\"height\":31,\"caption\":\"trescero\"},\"image\":{\"@id\":\"https:\/\/trescero.es\/#\/schema\/logo\/image\/\"}}]}<\/script>\n<!-- \/ Yoast SEO plugin. -->","yoast_head_json":{"title":"Legal Notice - trescero","robots":{"index":"index","follow":"follow","max-snippet":"max-snippet:-1","max-image-preview":"max-image-preview:large","max-video-preview":"max-video-preview:-1"},"canonical":"https:\/\/trescero.es\/en\/legal-notice\/","og_locale":"en_GB","og_type":"article","og_title":"Aviso legal - trescero","og_description":"I. INFORMACI\u00d3N GENERAL En cumplimiento con el deber de informaci\u00f3n dispuesto en la Ley 34\/2002 de Servicios de la Sociedad de la Informaci\u00f3n y del Comercio Electr\u00f3nico (LSSI-CE) de 11 de julio, se facilitan a continuaci\u00f3n los siguientes datos de informaci\u00f3n general del sitio web: Titular del sitio web: ESENCIA GRANADINA SLCIF: B22571749Nombre comercial: TresceroDomicilio [&hellip;]","og_url":"https:\/\/trescero.es\/en\/legal-notice\/","og_site_name":"trescero","article_modified_time":"2026-01-20T10:25:23+00:00","twitter_card":"summary_large_image","twitter_misc":{"Estimated reading time":"4 minutes"},"schema":{"@context":"https:\/\/schema.org","@graph":[{"@type":"WebPage","@id":"https:\/\/trescero.es\/aviso-legal\/","url":"https:\/\/trescero.es\/aviso-legal\/","name":"Legal Notice - trescero","isPartOf":{"@id":"https:\/\/trescero.es\/#website"},"datePublished":"2025-12-09T19:44:27+00:00","dateModified":"2026-01-20T10:25:23+00:00","breadcrumb":{"@id":"https:\/\/trescero.es\/aviso-legal\/#breadcrumb"},"inLanguage":"en-GB","potentialAction":[{"@type":"ReadAction","target":["https:\/\/trescero.es\/aviso-legal\/"]}]},{"@type":"BreadcrumbList","@id":"https:\/\/trescero.es\/aviso-legal\/#breadcrumb","itemListElement":[{"@type":"ListItem","position":1,"name":"Portada","item":"https:\/\/trescero.es\/"},{"@type":"ListItem","position":2,"name":"Aviso legal"}]},{"@type":"WebSite","@id":"https:\/\/trescero.es\/#website","url":"https:\/\/trescero.es\/","name":"trescer","description":"","publisher":{"@id":"https:\/\/trescero.es\/#organization"},"potentialAction":[{"@type":"SearchAction","target":{"@type":"EntryPoint","urlTemplate":"https:\/\/trescero.es\/?s={search_term_string}"},"query-input":{"@type":"PropertyValueSpecification","valueRequired":true,"valueName":"search_term_string"}}],"inLanguage":"en-GB"},{"@type":"Organization","@id":"https:\/\/trescero.es\/#organization","name":"trescer","url":"https:\/\/trescero.es\/","logo":{"@type":"ImageObject","inLanguage":"en-GB","@id":"https:\/\/trescero.es\/#\/schema\/logo\/image\/","url":"https:\/\/trescero.es\/wp-content\/uploads\/2025\/12\/logo.svg","contentUrl":"https:\/\/trescero.es\/wp-content\/uploads\/2025\/12\/logo.svg","width":221,"height":31,"caption":"trescero"},"image":{"@id":"https:\/\/trescero.es\/#\/schema\/logo\/image\/"}}]}},"_links":{"self":[{"href":"https:\/\/trescero.es\/en\/wp-json\/wp\/v2\/pages\/33","targetHints":{"allow":["GET"]}}],"collection":[{"href":"https:\/\/trescero.es\/en\/wp-json\/wp\/v2\/pages"}],"about":[{"href":"https:\/\/trescero.es\/en\/wp-json\/wp\/v2\/types\/page"}],"author":[{"embeddable":true,"href":"https:\/\/trescero.es\/en\/wp-json\/wp\/v2\/users\/7"}],"replies":[{"embeddable":true,"href":"https:\/\/trescero.es\/en\/wp-json\/wp\/v2\/comments?post=33"}],"version-history":[{"count":3,"href":"https:\/\/trescero.es\/en\/wp-json\/wp\/v2\/pages\/33\/revisions"}],"predecessor-version":[{"id":214,"href":"https:\/\/trescero.es\/en\/wp-json\/wp\/v2\/pages\/33\/revisions\/214"}],"wp:attachment":[{"href":"https:\/\/trescero.es\/en\/wp-json\/wp\/v2\/media?parent=33"}],"curies":[{"name":"wp","href":"https:\/\/api.w.org\/{rel}","templated":true}]}}